{"id":2294,"date":"2024-04-25T13:26:15","date_gmt":"2024-04-25T11:26:15","guid":{"rendered":"https:\/\/elfin-consulting.com\/impressum\/"},"modified":"2024-12-20T11:20:28","modified_gmt":"2024-12-20T10:20:28","slug":"impressum","status":"publish","type":"page","link":"https:\/\/elfin-consulting.com\/de\/impressum\/","title":{"rendered":"Impressum"},"content":{"rendered":"\n<style type=\"text\/css\" data-created_by=\"avia_inline_auto\" id=\"style-css-av-apvxsb-d5ea453a8524498681728e516aeb2316\">\n.avia-section.av-apvxsb-d5ea453a8524498681728e516aeb2316 .av-parallax .av-parallax-inner{\nbackground-repeat:no-repeat;\nbackground-image:url(https:\/\/elfin-consulting.com\/wp-content\/uploads\/2024\/04\/Rectangle-8.png);\nbackground-position:50% 0%;\nbackground-attachment:scroll;\n}\n.avia-section.av-apvxsb-d5ea453a8524498681728e516aeb2316 .av-section-color-overlay{\nopacity:0.8;\nbackground-color:#052535;\nbackground-image:url(https:\/\/elfin-consulting.com\/wp-content\/uploads\/2024\/04\/Icon.png);\nbackground-repeat:repeat;\n}\n<\/style>\n<div id='av_section_1'  class='avia-section av-apvxsb-d5ea453a8524498681728e516aeb2316 alternate_color avia-section-default avia-no-border-styling  avia-builder-el-0  el_before_av_section  avia-builder-el-first  hero-area avia-full-stretch av-parallax-section avia-bg-style-parallax av-section-color-overlay-active av-minimum-height av-minimum-height-50 av-height-50  container_wrap fullsize'  data-section-bg-repeat='stretch' data-av_minimum_height_pc='50' data-av_min_height_opt='50'><div class='av-parallax' data-avia-parallax-ratio='0.3' ><div class='av-parallax-inner alternate_color avia-full-stretch'><\/div><\/div><div class=\"av-section-color-overlay-wrap\"><div class=\"av-section-color-overlay\"><\/div><div class='container av-section-cont-open' ><main  role=\"main\" itemprop=\"mainContentOfPage\"  class='template-page content  av-content-full alpha units'><div class='post-entry post-entry-type-page post-entry-2294'><div class='entry-content-wrapper clearfix'>\n<div  class='flex_column av-9qepuj-a2642769fbc895f096a6be476087d03b av_one_half  avia-builder-el-1  avia-builder-el-no-sibling  first flex_column_div  '     ><p>\n<style type=\"text\/css\" data-created_by=\"avia_inline_auto\" id=\"style-css-av-lxem5x6j-d4771cae042b6c49ec73301ac0b11898\">\n#top .av-special-heading.av-lxem5x6j-d4771cae042b6c49ec73301ac0b11898{\npadding-bottom:10px;\n}\nbody .av-special-heading.av-lxem5x6j-d4771cae042b6c49ec73301ac0b11898 .av-special-heading-tag .heading-char{\nfont-size:25px;\n}\n.av-special-heading.av-lxem5x6j-d4771cae042b6c49ec73301ac0b11898 .av-subheading{\nfont-size:15px;\n}\n\n@media only screen and (min-width: 990px){ \n#top #wrap_all .av-special-heading.av-lxem5x6j-d4771cae042b6c49ec73301ac0b11898 .av-special-heading-tag{\npadding:0 0 .75em 0;\n}\n}\n<\/style>\n<div  class='av-special-heading av-lxem5x6j-d4771cae042b6c49ec73301ac0b11898 av-special-heading-h1 blockquote modern-quote  avia-builder-el-2  el_before_av_hr  avia-builder-el-first '><h1 class='av-special-heading-tag '  itemprop=\"headline\"  >Impressum<\/h1><div class=\"special-heading-border\"><div class=\"special-heading-inner-border\"><\/div><\/div><\/div><br \/>\n\n<style type=\"text\/css\" data-created_by=\"avia_inline_auto\" id=\"style-css-av-6sg7bf-f6cb5defe4a67e231522f5243535173f\">\n#top .hr.hr-invisible.av-6sg7bf-f6cb5defe4a67e231522f5243535173f{\nheight:20px;\n}\n<\/style>\n<div  class='hr av-6sg7bf-f6cb5defe4a67e231522f5243535173f hr-invisible  avia-builder-el-3  el_after_av_heading  avia-builder-el-last '><span class='hr-inner '><span class=\"hr-inner-style\"><\/span><\/span><\/div><\/p><\/div>\n\n<\/div><\/div><\/main><!-- close content main element --><\/div><\/div><\/div><div id='av_section_2'  class='avia-section av-58qgiz-428838be50c9eab318202d92a8dbc25b main_color avia-section-huge avia-no-border-styling  avia-builder-el-4  el_after_av_section  avia-builder-el-last  avia-bg-style-scroll container_wrap fullsize'  ><div class='container av-section-cont-open' ><div class='template-page content  av-content-full alpha units'><div class='post-entry post-entry-type-page post-entry-2294'><div class='entry-content-wrapper clearfix'>\n<div  class='flex_column av-42vgzf-4b97371a90c9ee7bf7f651ac5afe2d89 av_one_full  avia-builder-el-5  avia-builder-el-no-sibling  first flex_column_div  '     ><section  class='av_textblock_section av-lxemhx9h-3508398adb51ec2324dac1f7b216eb35 '   itemscope=\"itemscope\" itemtype=\"https:\/\/schema.org\/CreativeWork\" ><div class='avia_textblock'  itemprop=\"text\" ><p class=\"title page-title\">ELFIN Consulting GmbH<br \/>\nIm Mediapark 6b<br \/>\n50670 K\u00f6ln<br \/>\nGermany<\/p>\n<section class=\"elem-care\">\n<div class=\"container-sm\">\n<div class=\"row\">\n<div class=\"col-md-6 pl-5\">\n<p>Tel.: +49 (0) 221 6705 6660<br \/>\nFax: +49 (0) 221 6705 6661<br \/>\nE-Mail: service@elfin.works<\/p>\n<p>Amtsgericht K\u00f6ln<br \/>\nHRB101387<br \/>\nAKTENZEICHEN: 214\/5804\/4512<\/p>\n<p>Vertreten durch den Gesch\u00e4ftsf\u00fchrer: Matthias L\u00fcttges<\/p>\n<\/div>\n<h3>Whistleblowing-Briefkasten<\/h3>\n<p>Alle Stakeholder werden gebeten, Fehlverhalten oder Verst\u00f6\u00dfen gegen unsere Richtlinien und Gesetze anonym \u00fcber unseren Whistleblower-Briefkasten zu melden: ELFIN Consulting GmbH, Whistleblower-Postfach von ELFIN Consulting, Im Mediapark 6b, 50670 K\u00f6ln, Deutschland. Vielen Dank.<\/p>\n<\/div>\n<\/div>\n<\/section>\n<h3>Social-Media-Profile<\/h3>\n<p>Dieses Impressum ist f\u00fcr folgende Social-Media-Profile g\u00fcltig:<\/p>\n<ul>\n<li>LinkedIn: <a href=\"https:\/\/www.linkedin.com\/company\/elfin-gmbh\/\">https:\/\/www.linkedin.com\/company\/elfin-gmbh\/<\/a><\/li>\n<li>Xing: <a href=\"https:\/\/www.xing.com\/pages\/elfin-consulting-gmbh\">https:\/\/www.xing.com\/pages\/elfin-consulting-gmbh<\/a><\/li>\n<\/ul>\n<h3>Impressum<\/h3>\n<ul>\n<li><a href=\"https:\/\/elfin-consulting.com\/disclaimer\/\">Haftungsausschluss<\/a><\/li>\n<li><a href=\"https:\/\/elfin-consulting.com\/privacy-policy\/\">Datenschutz<\/a><\/li>\n<\/ul>\n<\/div><\/section><\/div>\n","protected":false},"excerpt":{"rendered":"","protected":false},"author":2,"featured_media":0,"parent":0,"menu_order":101,"comment_status":"closed","ping_status":"closed","template":"","meta":{"footnotes":""},"class_list":["post-2294","page","type-page","status-publish","hentry"],"yoast_head":"<!-- This site is optimized with the Yoast SEO plugin v27.2 - https:\/\/yoast.com\/product\/yoast-seo-wordpress\/ -->\n<title>Impressum - ELFIN Consulting<\/title>\n<meta name=\"robots\" content=\"index, follow, max-snippet:-1, max-image-preview:large, max-video-preview:-1\" \/>\n<link rel=\"canonical\" href=\"https:\/\/elfin-consulting.com\/de\/impressum\/\" \/>\n<meta property=\"og:locale\" content=\"de_DE\" \/>\n<meta property=\"og:type\" content=\"article\" \/>\n<meta property=\"og:title\" content=\"Impressum - ELFIN Consulting\" \/>\n<meta property=\"og:url\" content=\"https:\/\/elfin-consulting.com\/de\/impressum\/\" \/>\n<meta property=\"og:site_name\" content=\"ELFIN Consulting\" \/>\n<meta property=\"article:modified_time\" content=\"2024-12-20T10:20:28+00:00\" \/>\n<meta property=\"og:image\" content=\"https:\/\/elfin-consulting.com\/wp-content\/uploads\/2024\/06\/Social-Media-Image-2-600x315.jpg\" \/>\n<meta name=\"twitter:card\" content=\"summary_large_image\" \/>\n<meta name=\"twitter:label1\" content=\"Gesch\u00e4tzte Lesezeit\" \/>\n\t<meta name=\"twitter:data1\" content=\"1\u00a0Minute\" \/>\n<script type=\"application\/ld+json\" class=\"yoast-schema-graph\">{\"@context\":\"https:\/\/schema.org\",\"@graph\":[{\"@type\":\"WebPage\",\"@id\":\"https:\/\/elfin-consulting.com\/de\/impressum\/\",\"url\":\"https:\/\/elfin-consulting.com\/de\/impressum\/\",\"name\":\"Impressum - ELFIN Consulting\",\"isPartOf\":{\"@id\":\"https:\/\/elfin-consulting.com\/de\/#website\"},\"datePublished\":\"2024-04-25T11:26:15+00:00\",\"dateModified\":\"2024-12-20T10:20:28+00:00\",\"breadcrumb\":{\"@id\":\"https:\/\/elfin-consulting.com\/de\/impressum\/#breadcrumb\"},\"inLanguage\":\"de\",\"potentialAction\":[{\"@type\":\"ReadAction\",\"target\":[\"https:\/\/elfin-consulting.com\/de\/impressum\/\"]}]},{\"@type\":\"BreadcrumbList\",\"@id\":\"https:\/\/elfin-consulting.com\/de\/impressum\/#breadcrumb\",\"itemListElement\":[{\"@type\":\"ListItem\",\"position\":1,\"name\":\"Startseite\",\"item\":\"https:\/\/elfin-consulting.com\/de\/\"},{\"@type\":\"ListItem\",\"position\":2,\"name\":\"Impressum\"}]},{\"@type\":\"WebSite\",\"@id\":\"https:\/\/elfin-consulting.com\/de\/#website\",\"url\":\"https:\/\/elfin-consulting.com\/de\/\",\"name\":\"ELFIN Consulting\",\"description\":\"\",\"publisher\":{\"@id\":\"https:\/\/elfin-consulting.com\/de\/#organization\"},\"potentialAction\":[{\"@type\":\"SearchAction\",\"target\":{\"@type\":\"EntryPoint\",\"urlTemplate\":\"https:\/\/elfin-consulting.com\/de\/?s={search_term_string}\"},\"query-input\":{\"@type\":\"PropertyValueSpecification\",\"valueRequired\":true,\"valueName\":\"search_term_string\"}}],\"inLanguage\":\"de\"},{\"@type\":\"Organization\",\"@id\":\"https:\/\/elfin-consulting.com\/de\/#organization\",\"name\":\"ELFIN Consulting\",\"url\":\"https:\/\/elfin-consulting.com\/de\/\",\"logo\":{\"@type\":\"ImageObject\",\"inLanguage\":\"de\",\"@id\":\"https:\/\/elfin-consulting.com\/de\/#\/schema\/logo\/image\/\",\"url\":\"https:\/\/elfin-consulting.com\/wp-content\/uploads\/2024\/06\/ELFIN-Logo_Without-Slogan-1.png\",\"contentUrl\":\"https:\/\/elfin-consulting.com\/wp-content\/uploads\/2024\/06\/ELFIN-Logo_Without-Slogan-1.png\",\"width\":638,\"height\":223,\"caption\":\"ELFIN Consulting\"},\"image\":{\"@id\":\"https:\/\/elfin-consulting.com\/de\/#\/schema\/logo\/image\/\"}}]}<\/script>\n<!-- \/ Yoast SEO plugin. -->","yoast_head_json":{"title":"Impressum - ELFIN Consulting","robots":{"index":"index","follow":"follow","max-snippet":"max-snippet:-1","max-image-preview":"max-image-preview:large","max-video-preview":"max-video-preview:-1"},"canonical":"https:\/\/elfin-consulting.com\/de\/impressum\/","og_locale":"de_DE","og_type":"article","og_title":"Impressum - ELFIN Consulting","og_url":"https:\/\/elfin-consulting.com\/de\/impressum\/","og_site_name":"ELFIN Consulting","article_modified_time":"2024-12-20T10:20:28+00:00","og_image":[{"url":"https:\/\/elfin-consulting.com\/wp-content\/uploads\/2024\/06\/Social-Media-Image-2-600x315.jpg","type":"","width":"","height":""}],"twitter_card":"summary_large_image","twitter_misc":{"Gesch\u00e4tzte Lesezeit":"1\u00a0Minute"},"schema":{"@context":"https:\/\/schema.org","@graph":[{"@type":"WebPage","@id":"https:\/\/elfin-consulting.com\/de\/impressum\/","url":"https:\/\/elfin-consulting.com\/de\/impressum\/","name":"Impressum - ELFIN Consulting","isPartOf":{"@id":"https:\/\/elfin-consulting.com\/de\/#website"},"datePublished":"2024-04-25T11:26:15+00:00","dateModified":"2024-12-20T10:20:28+00:00","breadcrumb":{"@id":"https:\/\/elfin-consulting.com\/de\/impressum\/#breadcrumb"},"inLanguage":"de","potentialAction":[{"@type":"ReadAction","target":["https:\/\/elfin-consulting.com\/de\/impressum\/"]}]},{"@type":"BreadcrumbList","@id":"https:\/\/elfin-consulting.com\/de\/impressum\/#breadcrumb","itemListElement":[{"@type":"ListItem","position":1,"name":"Startseite","item":"https:\/\/elfin-consulting.com\/de\/"},{"@type":"ListItem","position":2,"name":"Impressum"}]},{"@type":"WebSite","@id":"https:\/\/elfin-consulting.com\/de\/#website","url":"https:\/\/elfin-consulting.com\/de\/","name":"ELFIN Consulting","description":"","publisher":{"@id":"https:\/\/elfin-consulting.com\/de\/#organization"},"potentialAction":[{"@type":"SearchAction","target":{"@type":"EntryPoint","urlTemplate":"https:\/\/elfin-consulting.com\/de\/?s={search_term_string}"},"query-input":{"@type":"PropertyValueSpecification","valueRequired":true,"valueName":"search_term_string"}}],"inLanguage":"de"},{"@type":"Organization","@id":"https:\/\/elfin-consulting.com\/de\/#organization","name":"ELFIN Consulting","url":"https:\/\/elfin-consulting.com\/de\/","logo":{"@type":"ImageObject","inLanguage":"de","@id":"https:\/\/elfin-consulting.com\/de\/#\/schema\/logo\/image\/","url":"https:\/\/elfin-consulting.com\/wp-content\/uploads\/2024\/06\/ELFIN-Logo_Without-Slogan-1.png","contentUrl":"https:\/\/elfin-consulting.com\/wp-content\/uploads\/2024\/06\/ELFIN-Logo_Without-Slogan-1.png","width":638,"height":223,"caption":"ELFIN Consulting"},"image":{"@id":"https:\/\/elfin-consulting.com\/de\/#\/schema\/logo\/image\/"}}]}},"_links":{"self":[{"href":"https:\/\/elfin-consulting.com\/de\/wp-json\/wp\/v2\/pages\/2294","targetHints":{"allow":["GET"]}}],"collection":[{"href":"https:\/\/elfin-consulting.com\/de\/wp-json\/wp\/v2\/pages"}],"about":[{"href":"https:\/\/elfin-consulting.com\/de\/wp-json\/wp\/v2\/types\/page"}],"author":[{"embeddable":true,"href":"https:\/\/elfin-consulting.com\/de\/wp-json\/wp\/v2\/users\/2"}],"replies":[{"embeddable":true,"href":"https:\/\/elfin-consulting.com\/de\/wp-json\/wp\/v2\/comments?post=2294"}],"version-history":[{"count":5,"href":"https:\/\/elfin-consulting.com\/de\/wp-json\/wp\/v2\/pages\/2294\/revisions"}],"predecessor-version":[{"id":4081,"href":"https:\/\/elfin-consulting.com\/de\/wp-json\/wp\/v2\/pages\/2294\/revisions\/4081"}],"wp:attachment":[{"href":"https:\/\/elfin-consulting.com\/de\/wp-json\/wp\/v2\/media?parent=2294"}],"curies":[{"name":"wp","href":"https:\/\/api.w.org\/{rel}","templated":true}]}}